{"id":8414,"date":"2024-03-07T10:44:43","date_gmt":"2024-03-07T10:44:43","guid":{"rendered":"https:\/\/www.coldkit.com\/matrix-ar\/"},"modified":"2024-04-11T14:18:46","modified_gmt":"2024-04-11T14:18:46","slug":"matrix-ar","status":"publish","type":"page","link":"https:\/\/www.coldkit.com\/fr\/matrix-ar\/","title":{"rendered":"Matrix AR"},"content":{"rendered":"\t\t<div data-elementor-type=\"wp-page\" data-elementor-id=\"8414\" class=\"elementor elementor-8414 elementor-8400\" data-elementor-post-type=\"page\">\n\t\t\t\t\t\t<section class=\"elementor-section elementor-top-section elementor-element elementor-element-32183cb elementor-section-height-min-height elementor-section-items-top elementor-section-content-top elementor-section-boxed elementor-section-height-default\" data-id=\"32183cb\" data-element_type=\"section\" data-e-type=\"section\">\n\t\t\t\t\t\t<div class=\"elementor-container elementor-column-gap-default\">\n\t\t\t\t\t<div class=\"elementor-column elementor-col-100 elementor-top-column elementor-element elementor-element-ccdaef3\" data-id=\"ccdaef3\" data-element_type=\"column\" data-e-type=\"column\">\n\t\t\t<div class=\"elementor-widget-wrap elementor-element-populated\">\n\t\t\t\t\t\t<div class=\"elementor-element elementor-element-c43329f elementor-widget elementor-widget-html\" data-id=\"c43329f\" data-element_type=\"widget\" data-e-type=\"widget\" data-widget_type=\"html.default\">\n\t\t\t\t<div class=\"elementor-widget-container\">\n\t\t\t\t\t<script type=\"module\" src=\"https:\/\/ajax.googleapis.com\/ajax\/libs\/model-viewer\/3.4.0\/model-viewer.min.js\"><\/script>\r\n\r\n<model-viewer style=\"width: 100%; height: 650px;\" src=\"\/wp-content\/uploads\/3d\/camara_matrix_06_03_2024_3D.glb\" ar camera-controls camera-orbit=\"30deg 85deg 0deg\" ios-src=\"\/wp-content\/uploads\/3d\/camara_matrix_06_03_2024_3D.usdz\" magic-leap unstable-webxr><\/model-viewer>\t\t\t\t<\/div>\n\t\t\t\t<\/div>\n\t\t\t\t\t<\/div>\n\t\t<\/div>\n\t\t\t\t\t<\/div>\n\t\t<\/section>\n\t\t\t\t<\/div>\n\t\t","protected":false},"excerpt":{"rendered":"","protected":false},"author":1,"featured_media":0,"parent":0,"menu_order":0,"comment_status":"closed","ping_status":"closed","template":"elementor_header_footer","meta":{"_acf_changed":false,"footnotes":""},"class_list":["post-8414","page","type-page","status-publish","hentry"],"acf":[],"yoast_head":"<!-- This site is optimized with the Yoast SEO plugin v27.5 - https:\/\/yoast.com\/product\/yoast-seo-wordpress\/ -->\n<title>Matrix AR - Coldkit<\/title>\n<meta name=\"robots\" content=\"index, follow, max-snippet:-1, max-image-preview:large, max-video-preview:-1\" \/>\n<link rel=\"canonical\" href=\"https:\/\/www.coldkit.com\/matrix-ar\/\" \/>\n<meta property=\"og:locale\" content=\"fr_FR\" \/>\n<meta property=\"og:type\" content=\"article\" \/>\n<meta property=\"og:title\" content=\"Matrix AR - Coldkit\" \/>\n<meta property=\"og:url\" content=\"https:\/\/www.coldkit.com\/matrix-ar\/\" \/>\n<meta property=\"og:site_name\" content=\"Coldkit\" \/>\n<meta property=\"article:publisher\" content=\"https:\/\/www.facebook.com\/coldkit.purever\" \/>\n<meta property=\"article:modified_time\" content=\"2024-04-11T14:18:46+00:00\" \/>\n<meta name=\"twitter:card\" content=\"summary_large_image\" \/>\n<script type=\"application\/ld+json\" class=\"yoast-schema-graph\">{\"@context\":\"https:\\\/\\\/schema.org\",\"@graph\":[{\"@type\":\"WebPage\",\"@id\":\"https:\\\/\\\/www.coldkit.com\\\/matrix-ar\\\/\",\"url\":\"https:\\\/\\\/www.coldkit.com\\\/matrix-ar\\\/\",\"name\":\"Matrix AR - Coldkit\",\"isPartOf\":{\"@id\":\"https:\\\/\\\/www.coldkit.com\\\/#website\"},\"datePublished\":\"2024-03-07T10:44:43+00:00\",\"dateModified\":\"2024-04-11T14:18:46+00:00\",\"breadcrumb\":{\"@id\":\"https:\\\/\\\/www.coldkit.com\\\/matrix-ar\\\/#breadcrumb\"},\"inLanguage\":\"fr-FR\",\"potentialAction\":[{\"@type\":\"ReadAction\",\"target\":[\"https:\\\/\\\/www.coldkit.com\\\/matrix-ar\\\/\"]}]},{\"@type\":\"BreadcrumbList\",\"@id\":\"https:\\\/\\\/www.coldkit.com\\\/matrix-ar\\\/#breadcrumb\",\"itemListElement\":[{\"@type\":\"ListItem\",\"position\":1,\"name\":\"In\u00edcio\",\"item\":\"https:\\\/\\\/www.coldkit.com\\\/\"},{\"@type\":\"ListItem\",\"position\":2,\"name\":\"Matrix AR\"}]},{\"@type\":\"WebSite\",\"@id\":\"https:\\\/\\\/www.coldkit.com\\\/#website\",\"url\":\"https:\\\/\\\/www.coldkit.com\\\/\",\"name\":\"Coldkit\",\"description\":\"A Coldkit \u00e9 a marca da Purever Industries para o sector de isolamento e refrigera\u00e7\u00e3o.\",\"publisher\":{\"@id\":\"https:\\\/\\\/www.coldkit.com\\\/#organization\"},\"potentialAction\":[{\"@type\":\"SearchAction\",\"target\":{\"@type\":\"EntryPoint\",\"urlTemplate\":\"https:\\\/\\\/www.coldkit.com\\\/?s={search_term_string}\"},\"query-input\":{\"@type\":\"PropertyValueSpecification\",\"valueRequired\":true,\"valueName\":\"search_term_string\"}}],\"inLanguage\":\"fr-FR\"},{\"@type\":\"Organization\",\"@id\":\"https:\\\/\\\/www.coldkit.com\\\/#organization\",\"name\":\"Coldkit\",\"url\":\"https:\\\/\\\/www.coldkit.com\\\/\",\"logo\":{\"@type\":\"ImageObject\",\"inLanguage\":\"fr-FR\",\"@id\":\"https:\\\/\\\/www.coldkit.com\\\/#\\\/schema\\\/logo\\\/image\\\/\",\"url\":\"https:\\\/\\\/www.coldkit.com\\\/wp-content\\\/uploads\\\/2022\\\/02\\\/coldkit-logo-01.png\",\"contentUrl\":\"https:\\\/\\\/www.coldkit.com\\\/wp-content\\\/uploads\\\/2022\\\/02\\\/coldkit-logo-01.png\",\"width\":1000,\"height\":268,\"caption\":\"Coldkit\"},\"image\":{\"@id\":\"https:\\\/\\\/www.coldkit.com\\\/#\\\/schema\\\/logo\\\/image\\\/\"},\"sameAs\":[\"https:\\\/\\\/www.facebook.com\\\/coldkit.purever\"]}]}<\/script>\n<!-- \/ Yoast SEO plugin. -->","yoast_head_json":{"title":"Matrix AR - Coldkit","robots":{"index":"index","follow":"follow","max-snippet":"max-snippet:-1","max-image-preview":"max-image-preview:large","max-video-preview":"max-video-preview:-1"},"canonical":"https:\/\/www.coldkit.com\/matrix-ar\/","og_locale":"fr_FR","og_type":"article","og_title":"Matrix AR - Coldkit","og_url":"https:\/\/www.coldkit.com\/matrix-ar\/","og_site_name":"Coldkit","article_publisher":"https:\/\/www.facebook.com\/coldkit.purever","article_modified_time":"2024-04-11T14:18:46+00:00","twitter_card":"summary_large_image","schema":{"@context":"https:\/\/schema.org","@graph":[{"@type":"WebPage","@id":"https:\/\/www.coldkit.com\/matrix-ar\/","url":"https:\/\/www.coldkit.com\/matrix-ar\/","name":"Matrix AR - Coldkit","isPartOf":{"@id":"https:\/\/www.coldkit.com\/#website"},"datePublished":"2024-03-07T10:44:43+00:00","dateModified":"2024-04-11T14:18:46+00:00","breadcrumb":{"@id":"https:\/\/www.coldkit.com\/matrix-ar\/#breadcrumb"},"inLanguage":"fr-FR","potentialAction":[{"@type":"ReadAction","target":["https:\/\/www.coldkit.com\/matrix-ar\/"]}]},{"@type":"BreadcrumbList","@id":"https:\/\/www.coldkit.com\/matrix-ar\/#breadcrumb","itemListElement":[{"@type":"ListItem","position":1,"name":"In\u00edcio","item":"https:\/\/www.coldkit.com\/"},{"@type":"ListItem","position":2,"name":"Matrix AR"}]},{"@type":"WebSite","@id":"https:\/\/www.coldkit.com\/#website","url":"https:\/\/www.coldkit.com\/","name":"Coldkit","description":"A Coldkit \u00e9 a marca da Purever Industries para o sector de isolamento e refrigera\u00e7\u00e3o.","publisher":{"@id":"https:\/\/www.coldkit.com\/#organization"},"potentialAction":[{"@type":"SearchAction","target":{"@type":"EntryPoint","urlTemplate":"https:\/\/www.coldkit.com\/?s={search_term_string}"},"query-input":{"@type":"PropertyValueSpecification","valueRequired":true,"valueName":"search_term_string"}}],"inLanguage":"fr-FR"},{"@type":"Organization","@id":"https:\/\/www.coldkit.com\/#organization","name":"Coldkit","url":"https:\/\/www.coldkit.com\/","logo":{"@type":"ImageObject","inLanguage":"fr-FR","@id":"https:\/\/www.coldkit.com\/#\/schema\/logo\/image\/","url":"https:\/\/www.coldkit.com\/wp-content\/uploads\/2022\/02\/coldkit-logo-01.png","contentUrl":"https:\/\/www.coldkit.com\/wp-content\/uploads\/2022\/02\/coldkit-logo-01.png","width":1000,"height":268,"caption":"Coldkit"},"image":{"@id":"https:\/\/www.coldkit.com\/#\/schema\/logo\/image\/"},"sameAs":["https:\/\/www.facebook.com\/coldkit.purever"]}]}},"_links":{"self":[{"href":"https:\/\/www.coldkit.com\/fr\/wp-json\/wp\/v2\/pages\/8414","targetHints":{"allow":["GET"]}}],"collection":[{"href":"https:\/\/www.coldkit.com\/fr\/wp-json\/wp\/v2\/pages"}],"about":[{"href":"https:\/\/www.coldkit.com\/fr\/wp-json\/wp\/v2\/types\/page"}],"author":[{"embeddable":true,"href":"https:\/\/www.coldkit.com\/fr\/wp-json\/wp\/v2\/users\/1"}],"replies":[{"embeddable":true,"href":"https:\/\/www.coldkit.com\/fr\/wp-json\/wp\/v2\/comments?post=8414"}],"version-history":[{"count":1,"href":"https:\/\/www.coldkit.com\/fr\/wp-json\/wp\/v2\/pages\/8414\/revisions"}],"predecessor-version":[{"id":8415,"href":"https:\/\/www.coldkit.com\/fr\/wp-json\/wp\/v2\/pages\/8414\/revisions\/8415"}],"wp:attachment":[{"href":"https:\/\/www.coldkit.com\/fr\/wp-json\/wp\/v2\/media?parent=8414"}],"curies":[{"name":"wp","href":"https:\/\/api.w.org\/{rel}","templated":true}]}}