{"id":3226,"date":"2022-08-16T09:38:26","date_gmt":"2022-08-16T09:38:26","guid":{"rendered":"https:\/\/www.coldkit.com\/2022\/boutique\/"},"modified":"2022-08-16T10:20:56","modified_gmt":"2022-08-16T10:20:56","slug":"boutique","status":"publish","type":"page","link":"https:\/\/www.coldkit.com\/fr\/boutique\/","title":{"rendered":"Boutique"},"content":{"rendered":"","protected":false},"excerpt":{"rendered":"","protected":false},"author":1,"featured_media":0,"parent":0,"menu_order":0,"comment_status":"closed","ping_status":"closed","template":"","meta":{"_acf_changed":false,"footnotes":""},"class_list":["post-3226","page","type-page","status-publish","hentry"],"acf":[],"yoast_head":"<!-- This site is optimized with the Yoast SEO plugin v27.5 - https:\/\/yoast.com\/product\/yoast-seo-wordpress\/ -->\n<title>Boutique - Coldkit<\/title>\n<meta name=\"robots\" content=\"index, follow, max-snippet:-1, max-image-preview:large, max-video-preview:-1\" \/>\n<link rel=\"canonical\" href=\"https:\/\/www.coldkit.com\/fr\/boutique\/\" \/>\n<meta property=\"og:locale\" content=\"fr_FR\" \/>\n<meta property=\"og:type\" content=\"article\" \/>\n<meta property=\"og:title\" content=\"Boutique - Coldkit\" \/>\n<meta property=\"og:url\" content=\"https:\/\/www.coldkit.com\/fr\/boutique\/\" \/>\n<meta property=\"og:site_name\" content=\"Coldkit\" \/>\n<meta property=\"article:publisher\" content=\"https:\/\/www.facebook.com\/coldkit.purever\" \/>\n<meta property=\"article:modified_time\" content=\"2022-08-16T10:20:56+00:00\" \/>\n<meta name=\"twitter:card\" content=\"summary_large_image\" \/>\n<script type=\"application\/ld+json\" class=\"yoast-schema-graph\">{\"@context\":\"https:\\\/\\\/schema.org\",\"@graph\":[{\"@type\":\"WebPage\",\"@id\":\"https:\\\/\\\/www.coldkit.com\\\/fr\\\/boutique\\\/\",\"url\":\"https:\\\/\\\/www.coldkit.com\\\/fr\\\/boutique\\\/\",\"name\":\"Boutique - Coldkit\",\"isPartOf\":{\"@id\":\"https:\\\/\\\/www.coldkit.com\\\/#website\"},\"datePublished\":\"2022-08-16T09:38:26+00:00\",\"dateModified\":\"2022-08-16T10:20:56+00:00\",\"breadcrumb\":{\"@id\":\"https:\\\/\\\/www.coldkit.com\\\/fr\\\/boutique\\\/#breadcrumb\"},\"inLanguage\":\"fr-FR\",\"potentialAction\":[{\"@type\":\"ReadAction\",\"target\":[\"https:\\\/\\\/www.coldkit.com\\\/fr\\\/boutique\\\/\"]}]},{\"@type\":\"BreadcrumbList\",\"@id\":\"https:\\\/\\\/www.coldkit.com\\\/fr\\\/boutique\\\/#breadcrumb\",\"itemListElement\":[{\"@type\":\"ListItem\",\"position\":1,\"name\":\"In\u00edcio\",\"item\":\"https:\\\/\\\/www.coldkit.com\\\/\"},{\"@type\":\"ListItem\",\"position\":2,\"name\":\"Boutique\"}]},{\"@type\":\"WebSite\",\"@id\":\"https:\\\/\\\/www.coldkit.com\\\/#website\",\"url\":\"https:\\\/\\\/www.coldkit.com\\\/\",\"name\":\"Coldkit\",\"description\":\"A Coldkit \u00e9 a marca da Purever Industries para o sector de isolamento e refrigera\u00e7\u00e3o.\",\"publisher\":{\"@id\":\"https:\\\/\\\/www.coldkit.com\\\/#organization\"},\"potentialAction\":[{\"@type\":\"SearchAction\",\"target\":{\"@type\":\"EntryPoint\",\"urlTemplate\":\"https:\\\/\\\/www.coldkit.com\\\/?s={search_term_string}\"},\"query-input\":{\"@type\":\"PropertyValueSpecification\",\"valueRequired\":true,\"valueName\":\"search_term_string\"}}],\"inLanguage\":\"fr-FR\"},{\"@type\":\"Organization\",\"@id\":\"https:\\\/\\\/www.coldkit.com\\\/#organization\",\"name\":\"Coldkit\",\"url\":\"https:\\\/\\\/www.coldkit.com\\\/\",\"logo\":{\"@type\":\"ImageObject\",\"inLanguage\":\"fr-FR\",\"@id\":\"https:\\\/\\\/www.coldkit.com\\\/#\\\/schema\\\/logo\\\/image\\\/\",\"url\":\"https:\\\/\\\/www.coldkit.com\\\/wp-content\\\/uploads\\\/2022\\\/02\\\/coldkit-logo-01.png\",\"contentUrl\":\"https:\\\/\\\/www.coldkit.com\\\/wp-content\\\/uploads\\\/2022\\\/02\\\/coldkit-logo-01.png\",\"width\":1000,\"height\":268,\"caption\":\"Coldkit\"},\"image\":{\"@id\":\"https:\\\/\\\/www.coldkit.com\\\/#\\\/schema\\\/logo\\\/image\\\/\"},\"sameAs\":[\"https:\\\/\\\/www.facebook.com\\\/coldkit.purever\"]}]}<\/script>\n<!-- \/ Yoast SEO plugin. -->","yoast_head_json":{"title":"Boutique - Coldkit","robots":{"index":"index","follow":"follow","max-snippet":"max-snippet:-1","max-image-preview":"max-image-preview:large","max-video-preview":"max-video-preview:-1"},"canonical":"https:\/\/www.coldkit.com\/fr\/boutique\/","og_locale":"fr_FR","og_type":"article","og_title":"Boutique - Coldkit","og_url":"https:\/\/www.coldkit.com\/fr\/boutique\/","og_site_name":"Coldkit","article_publisher":"https:\/\/www.facebook.com\/coldkit.purever","article_modified_time":"2022-08-16T10:20:56+00:00","twitter_card":"summary_large_image","schema":{"@context":"https:\/\/schema.org","@graph":[{"@type":"WebPage","@id":"https:\/\/www.coldkit.com\/fr\/boutique\/","url":"https:\/\/www.coldkit.com\/fr\/boutique\/","name":"Boutique - Coldkit","isPartOf":{"@id":"https:\/\/www.coldkit.com\/#website"},"datePublished":"2022-08-16T09:38:26+00:00","dateModified":"2022-08-16T10:20:56+00:00","breadcrumb":{"@id":"https:\/\/www.coldkit.com\/fr\/boutique\/#breadcrumb"},"inLanguage":"fr-FR","potentialAction":[{"@type":"ReadAction","target":["https:\/\/www.coldkit.com\/fr\/boutique\/"]}]},{"@type":"BreadcrumbList","@id":"https:\/\/www.coldkit.com\/fr\/boutique\/#breadcrumb","itemListElement":[{"@type":"ListItem","position":1,"name":"In\u00edcio","item":"https:\/\/www.coldkit.com\/"},{"@type":"ListItem","position":2,"name":"Boutique"}]},{"@type":"WebSite","@id":"https:\/\/www.coldkit.com\/#website","url":"https:\/\/www.coldkit.com\/","name":"Coldkit","description":"A Coldkit \u00e9 a marca da Purever Industries para o sector de isolamento e refrigera\u00e7\u00e3o.","publisher":{"@id":"https:\/\/www.coldkit.com\/#organization"},"potentialAction":[{"@type":"SearchAction","target":{"@type":"EntryPoint","urlTemplate":"https:\/\/www.coldkit.com\/?s={search_term_string}"},"query-input":{"@type":"PropertyValueSpecification","valueRequired":true,"valueName":"search_term_string"}}],"inLanguage":"fr-FR"},{"@type":"Organization","@id":"https:\/\/www.coldkit.com\/#organization","name":"Coldkit","url":"https:\/\/www.coldkit.com\/","logo":{"@type":"ImageObject","inLanguage":"fr-FR","@id":"https:\/\/www.coldkit.com\/#\/schema\/logo\/image\/","url":"https:\/\/www.coldkit.com\/wp-content\/uploads\/2022\/02\/coldkit-logo-01.png","contentUrl":"https:\/\/www.coldkit.com\/wp-content\/uploads\/2022\/02\/coldkit-logo-01.png","width":1000,"height":268,"caption":"Coldkit"},"image":{"@id":"https:\/\/www.coldkit.com\/#\/schema\/logo\/image\/"},"sameAs":["https:\/\/www.facebook.com\/coldkit.purever"]}]}},"_links":{"self":[{"href":"https:\/\/www.coldkit.com\/fr\/wp-json\/wp\/v2\/pages\/3226","targetHints":{"allow":["GET"]}}],"collection":[{"href":"https:\/\/www.coldkit.com\/fr\/wp-json\/wp\/v2\/pages"}],"about":[{"href":"https:\/\/www.coldkit.com\/fr\/wp-json\/wp\/v2\/types\/page"}],"author":[{"embeddable":true,"href":"https:\/\/www.coldkit.com\/fr\/wp-json\/wp\/v2\/users\/1"}],"replies":[{"embeddable":true,"href":"https:\/\/www.coldkit.com\/fr\/wp-json\/wp\/v2\/comments?post=3226"}],"version-history":[{"count":0,"href":"https:\/\/www.coldkit.com\/fr\/wp-json\/wp\/v2\/pages\/3226\/revisions"}],"wp:attachment":[{"href":"https:\/\/www.coldkit.com\/fr\/wp-json\/wp\/v2\/media?parent=3226"}],"curies":[{"name":"wp","href":"https:\/\/api.w.org\/{rel}","templated":true}]}}