{"id":844,"date":"2022-02-16T14:37:07","date_gmt":"2022-02-16T14:37:07","guid":{"rendered":"https:\/\/www.coldkit.com\/area-reservada\/"},"modified":"2023-03-08T14:32:56","modified_gmt":"2023-03-08T14:32:56","slug":"area-reservada","status":"publish","type":"page","link":"https:\/\/www.coldkit.com\/es\/area-reservada\/","title":{"rendered":"\u00c1rea Reservada"},"content":{"rendered":"\t\t<div data-elementor-type=\"wp-page\" data-elementor-id=\"844\" class=\"elementor elementor-844 elementor-46\" data-elementor-post-type=\"page\">\n\t\t\t\t\t\t<section class=\"elementor-section elementor-top-section elementor-element elementor-element-0f3da82 elementor-section-boxed elementor-section-height-default elementor-section-height-default\" data-id=\"0f3da82\" data-element_type=\"section\">\n\t\t\t\t\t\t<div class=\"elementor-container elementor-column-gap-default\">\n\t\t\t\t\t<div class=\"elementor-column elementor-col-100 elementor-top-column elementor-element elementor-element-6a569b2\" data-id=\"6a569b2\" data-element_type=\"column\">\n\t\t\t<div class=\"elementor-widget-wrap elementor-element-populated\">\n\t\t\t\t\t\t<div class=\"elementor-element elementor-element-bf5a5c7 elementor-widget elementor-widget-spacer\" data-id=\"bf5a5c7\" data-element_type=\"widget\" data-widget_type=\"spacer.default\">\n\t\t\t\t<div class=\"elementor-widget-container\">\n\t\t\t\t\t\t\t<div class=\"elementor-spacer\">\n\t\t\t<div class=\"elementor-spacer-inner\"><\/div>\n\t\t<\/div>\n\t\t\t\t\t\t<\/div>\n\t\t\t\t<\/div>\n\t\t\t\t\t<\/div>\n\t\t<\/div>\n\t\t\t\t\t<\/div>\n\t\t<\/section>\n\t\t\t\t<section class=\"elementor-section elementor-top-section elementor-element elementor-element-faec2c2 elementor-section-boxed elementor-section-height-default elementor-section-height-default\" data-id=\"faec2c2\" data-element_type=\"section\">\n\t\t\t\t\t\t<div class=\"elementor-container elementor-column-gap-default\">\n\t\t\t\t\t<div class=\"elementor-column elementor-col-100 elementor-top-column elementor-element elementor-element-a9a9d86\" data-id=\"a9a9d86\" data-element_type=\"column\">\n\t\t\t<div class=\"elementor-widget-wrap elementor-element-populated\">\n\t\t\t\t\t\t<section class=\"elementor-section elementor-inner-section elementor-element elementor-element-e863f97 elementor-section-boxed elementor-section-height-default elementor-section-height-default\" data-id=\"e863f97\" data-element_type=\"section\">\n\t\t\t\t\t\t<div class=\"elementor-container elementor-column-gap-default\">\n\t\t\t\t\t<div class=\"elementor-column elementor-col-100 elementor-inner-column elementor-element elementor-element-d84fb21\" data-id=\"d84fb21\" data-element_type=\"column\">\n\t\t\t<div class=\"elementor-widget-wrap elementor-element-populated\">\n\t\t\t\t\t\t<div class=\"elementor-element elementor-element-5306e69 elementor-widget elementor-widget-heading\" data-id=\"5306e69\" data-element_type=\"widget\" data-widget_type=\"heading.default\">\n\t\t\t\t<div class=\"elementor-widget-container\">\n\t\t\t\t\t<h2 class=\"elementor-heading-title elementor-size-default\">\u00c1rea Reservada<\/h2>\t\t\t\t<\/div>\n\t\t\t\t<\/div>\n\t\t\t\t<div class=\"elementor-element elementor-element-1027b5b elementor-widget elementor-widget-image\" data-id=\"1027b5b\" data-element_type=\"widget\" data-widget_type=\"image.default\">\n\t\t\t\t<div class=\"elementor-widget-container\">\n\t\t\t\t\t\t\t\t\t\t\t\t\t\t\t<img decoding=\"async\" width=\"289\" height=\"11\" src=\"https:\/\/www.coldkit.com\/wp-content\/uploads\/2022\/09\/Color-Bar.png\" class=\"attachment-full size-full wp-image-4449\" alt=\"\" \/>\t\t\t\t\t\t\t\t\t\t\t\t\t\t\t<\/div>\n\t\t\t\t<\/div>\n\t\t\t\t\t<\/div>\n\t\t<\/div>\n\t\t\t\t\t<\/div>\n\t\t<\/section>\n\t\t\t\t<div class=\"elementor-element elementor-element-841305d elementor-hidden-desktop elementor-hidden-tablet elementor-hidden-mobile elementor-widget-divider--view-line elementor-widget elementor-widget-divider\" data-id=\"841305d\" data-element_type=\"widget\" data-widget_type=\"divider.default\">\n\t\t\t\t<div class=\"elementor-widget-container\">\n\t\t\t\t\t\t\t<div class=\"elementor-divider\">\n\t\t\t<span class=\"elementor-divider-separator\">\n\t\t\t\t\t\t<\/span>\n\t\t<\/div>\n\t\t\t\t\t\t<\/div>\n\t\t\t\t<\/div>\n\t\t\t\t<div class=\"elementor-element elementor-element-3d03e3f elementor-widget elementor-widget-text-editor\" data-id=\"3d03e3f\" data-element_type=\"widget\" data-widget_type=\"text-editor.default\">\n\t\t\t\t<div class=\"elementor-widget-container\">\n\t\t\t\t\t\t\t\t\t<p style=\"text-align: center;\">Bienvenido al \u00e1rea de clientes de Coldkit<\/p>\n<div class=\"pc_aligned_form pc_falign_center\"><form class=\"pc_login_form pc_rm_login  pc_lf_long_labels\" ><div class=\"pc_login_row \"><label for=\"pc_auth_username\">Username or e-mail<\/label><div class=\"pc_field_container\"><input type=\"text\" name=\"pc_auth_username\" value=\"\"  autocapitalize=\"off\" autocomplete=\"off\" autocorrect=\"off\" aria-label=\"Username or e-mail\" maxlength=\"150\" \/><\/div><\/div><div class=\"pc_login_row \"><label for=\"pc_auth_psw\">Password<\/label><div class=\"pc_field_container\"><input type=\"password\" name=\"pc_auth_psw\" value=\"\"  autocapitalize=\"off\" autocomplete=\"off\" autocorrect=\"off\" aria-label=\"Password\" \/><\/div><\/div><div class=\"pc_hnpt_code\"><label for=\"pc_hnpt_1\">Antispam 1<\/label><input type=\"text\" name=\"pc_hnpt_1\" value=\"\" autocomplete=\"off\" \/><label for=\"pc_hnpt_2\">Antispam 2<\/label><input type=\"text\" name=\"pc_hnpt_2\" value=\"64\" autocomplete=\"off\" \/><label for=\"pc_hnpt_3\">Antispam 3<\/label><input type=\"text\" name=\"pc_hnpt_3\" value=\"28ecf144e8082efad56e3df97c13e8c8\" autocomplete=\"off\" \/><\/div><div id=\"pc_auth_message\"><\/div><div class=\"pc_login_smalls\"><div class=\"pc_login_remember_me\"><input type=\"checkbox\" name=\"pc_remember_me\" value=\"1\" autocomplete=\"off\" aria-label=\"remember me\" \/><small>remember me<\/small><\/div><small class=\"pcma_psw_recovery_trigger\">forgot password?<\/small><\/div><button class=\"pc_auth_btn\" type=\"button\">            <span class=\"pc_inner_btn\">Login<\/span>        <\/button>        <div class=\"pcma_psw_recovery_wrap pc_displaynone\">            <div class=\"pc_login_row \">                <label>Insert your username or e-mail<\/label>                <div class=\"pc_field_container\">                                        <input type=\"text\" name=\"pcma_psw_username\" class=\"pcma_psw_username\" value=\"\"  autocomplete=\"off\" \/>                <\/div>            <\/div>            <div class=\"pcma_psw_recovery_message\"><\/div>            <div class=\"pc_login_smalls\">                <small class=\"pcma_del_recovery\">Back to login form<\/small>            <\/div>            <button class=\"pcma_do_recovery\" type=\"button\">                <span class=\"pc_inner_btn\">Recover<\/span>            <\/button>        <\/div><\/form><script type=\"text\/javascript\">    (function($) {         \"use strict\";            $(document).ready(function() {            pc_login_smalls_display_check();            pc_lf_labels_h_check();        });    })(jQuery);<\/script><\/div>\n<p style=\"text-align: center;\"><span style=\"text-decoration: underline;\"><a href=\"https:\/\/www.coldkit.com\/es\/registro\/\">Solicita tu acceso aqu\u00ed<\/a><\/span><\/p>\n\t\t\t\t\t\t\t\t<\/div>\n\t\t\t\t<\/div>\n\t\t\t\t\t<\/div>\n\t\t<\/div>\n\t\t\t\t\t<\/div>\n\t\t<\/section>\n\t\t\t\t<section class=\"elementor-section elementor-top-section elementor-element elementor-element-97223d8 elementor-section-boxed elementor-section-height-default elementor-section-height-default\" data-id=\"97223d8\" data-element_type=\"section\">\n\t\t\t\t\t\t<div class=\"elementor-container elementor-column-gap-default\">\n\t\t\t\t\t<div class=\"elementor-column elementor-col-100 elementor-top-column elementor-element elementor-element-a2355e3\" data-id=\"a2355e3\" data-element_type=\"column\">\n\t\t\t<div class=\"elementor-widget-wrap elementor-element-populated\">\n\t\t\t\t\t\t<div class=\"elementor-element elementor-element-fb84c39 elementor-widget elementor-widget-spacer\" data-id=\"fb84c39\" data-element_type=\"widget\" data-widget_type=\"spacer.default\">\n\t\t\t\t<div class=\"elementor-widget-container\">\n\t\t\t\t\t\t\t<div class=\"elementor-spacer\">\n\t\t\t<div class=\"elementor-spacer-inner\"><\/div>\n\t\t<\/div>\n\t\t\t\t\t\t<\/div>\n\t\t\t\t<\/div>\n\t\t\t\t\t<\/div>\n\t\t<\/div>\n\t\t\t\t\t<\/div>\n\t\t<\/section>\n\t\t\t\t<\/div>\n\t\t","protected":false},"excerpt":{"rendered":"<p>\u00c1rea Reservada Bienvenido al \u00e1rea de clientes de Coldkit Solicita tu acceso aqu\u00ed<\/p>\n","protected":false},"author":1,"featured_media":0,"parent":0,"menu_order":0,"comment_status":"closed","ping_status":"closed","template":"elementor_header_footer","meta":{"_acf_changed":false,"footnotes":""},"class_list":["post-844","page","type-page","status-publish","hentry"],"acf":[],"yoast_head":"<!-- This site is optimized with the Yoast SEO plugin v27.3 - https:\/\/yoast.com\/product\/yoast-seo-wordpress\/ -->\n<title>\u00c1rea Reservada - Coldkit<\/title>\n<meta name=\"robots\" content=\"index, follow, max-snippet:-1, max-image-preview:large, max-video-preview:-1\" \/>\n<link rel=\"canonical\" href=\"https:\/\/www.coldkit.com\/es\/area-reservada\/\" \/>\n<meta property=\"og:locale\" content=\"es_ES\" \/>\n<meta property=\"og:type\" content=\"article\" \/>\n<meta property=\"og:title\" content=\"\u00c1rea Reservada - Coldkit\" \/>\n<meta property=\"og:description\" content=\"\u00c1rea Reservada Bienvenido al \u00e1rea de clientes de Coldkit Solicita tu acceso aqu\u00ed\" \/>\n<meta property=\"og:url\" content=\"https:\/\/www.coldkit.com\/es\/area-reservada\/\" \/>\n<meta property=\"og:site_name\" content=\"Coldkit\" \/>\n<meta property=\"article:publisher\" content=\"https:\/\/www.facebook.com\/coldkit.purever\" \/>\n<meta property=\"article:modified_time\" content=\"2023-03-08T14:32:56+00:00\" \/>\n<meta name=\"twitter:card\" content=\"summary_large_image\" \/>\n<script type=\"application\/ld+json\" class=\"yoast-schema-graph\">{\"@context\":\"https:\\\/\\\/schema.org\",\"@graph\":[{\"@type\":\"WebPage\",\"@id\":\"https:\\\/\\\/www.coldkit.com\\\/es\\\/area-reservada\\\/\",\"url\":\"https:\\\/\\\/www.coldkit.com\\\/es\\\/area-reservada\\\/\",\"name\":\"\u00c1rea Reservada - Coldkit\",\"isPartOf\":{\"@id\":\"https:\\\/\\\/www.coldkit.com\\\/#website\"},\"primaryImageOfPage\":{\"@id\":\"https:\\\/\\\/www.coldkit.com\\\/es\\\/area-reservada\\\/#primaryimage\"},\"image\":{\"@id\":\"https:\\\/\\\/www.coldkit.com\\\/es\\\/area-reservada\\\/#primaryimage\"},\"thumbnailUrl\":\"https:\\\/\\\/www.coldkit.com\\\/2022\\\/wp-content\\\/uploads\\\/2022\\\/09\\\/Color-Bar.png\",\"datePublished\":\"2022-02-16T14:37:07+00:00\",\"dateModified\":\"2023-03-08T14:32:56+00:00\",\"breadcrumb\":{\"@id\":\"https:\\\/\\\/www.coldkit.com\\\/es\\\/area-reservada\\\/#breadcrumb\"},\"inLanguage\":\"es\",\"potentialAction\":[{\"@type\":\"ReadAction\",\"target\":[\"https:\\\/\\\/www.coldkit.com\\\/es\\\/area-reservada\\\/\"]}]},{\"@type\":\"ImageObject\",\"inLanguage\":\"es\",\"@id\":\"https:\\\/\\\/www.coldkit.com\\\/es\\\/area-reservada\\\/#primaryimage\",\"url\":\"https:\\\/\\\/www.coldkit.com\\\/2022\\\/wp-content\\\/uploads\\\/2022\\\/09\\\/Color-Bar.png\",\"contentUrl\":\"https:\\\/\\\/www.coldkit.com\\\/2022\\\/wp-content\\\/uploads\\\/2022\\\/09\\\/Color-Bar.png\"},{\"@type\":\"BreadcrumbList\",\"@id\":\"https:\\\/\\\/www.coldkit.com\\\/es\\\/area-reservada\\\/#breadcrumb\",\"itemListElement\":[{\"@type\":\"ListItem\",\"position\":1,\"name\":\"In\u00edcio\",\"item\":\"https:\\\/\\\/www.coldkit.com\\\/\"},{\"@type\":\"ListItem\",\"position\":2,\"name\":\"\u00c1rea Reservada\"}]},{\"@type\":\"WebSite\",\"@id\":\"https:\\\/\\\/www.coldkit.com\\\/#website\",\"url\":\"https:\\\/\\\/www.coldkit.com\\\/\",\"name\":\"Coldkit\",\"description\":\"A Coldkit \u00e9 a marca da Purever Industries para o sector de isolamento e refrigera\u00e7\u00e3o.\",\"publisher\":{\"@id\":\"https:\\\/\\\/www.coldkit.com\\\/#organization\"},\"potentialAction\":[{\"@type\":\"SearchAction\",\"target\":{\"@type\":\"EntryPoint\",\"urlTemplate\":\"https:\\\/\\\/www.coldkit.com\\\/?s={search_term_string}\"},\"query-input\":{\"@type\":\"PropertyValueSpecification\",\"valueRequired\":true,\"valueName\":\"search_term_string\"}}],\"inLanguage\":\"es\"},{\"@type\":\"Organization\",\"@id\":\"https:\\\/\\\/www.coldkit.com\\\/#organization\",\"name\":\"Coldkit\",\"url\":\"https:\\\/\\\/www.coldkit.com\\\/\",\"logo\":{\"@type\":\"ImageObject\",\"inLanguage\":\"es\",\"@id\":\"https:\\\/\\\/www.coldkit.com\\\/#\\\/schema\\\/logo\\\/image\\\/\",\"url\":\"https:\\\/\\\/www.coldkit.com\\\/wp-content\\\/uploads\\\/2022\\\/02\\\/coldkit-logo-01.png\",\"contentUrl\":\"https:\\\/\\\/www.coldkit.com\\\/wp-content\\\/uploads\\\/2022\\\/02\\\/coldkit-logo-01.png\",\"width\":1000,\"height\":268,\"caption\":\"Coldkit\"},\"image\":{\"@id\":\"https:\\\/\\\/www.coldkit.com\\\/#\\\/schema\\\/logo\\\/image\\\/\"},\"sameAs\":[\"https:\\\/\\\/www.facebook.com\\\/coldkit.purever\"]}]}<\/script>\n<!-- \/ Yoast SEO plugin. -->","yoast_head_json":{"title":"\u00c1rea Reservada - Coldkit","robots":{"index":"index","follow":"follow","max-snippet":"max-snippet:-1","max-image-preview":"max-image-preview:large","max-video-preview":"max-video-preview:-1"},"canonical":"https:\/\/www.coldkit.com\/es\/area-reservada\/","og_locale":"es_ES","og_type":"article","og_title":"\u00c1rea Reservada - Coldkit","og_description":"\u00c1rea Reservada Bienvenido al \u00e1rea de clientes de Coldkit Solicita tu acceso aqu\u00ed","og_url":"https:\/\/www.coldkit.com\/es\/area-reservada\/","og_site_name":"Coldkit","article_publisher":"https:\/\/www.facebook.com\/coldkit.purever","article_modified_time":"2023-03-08T14:32:56+00:00","twitter_card":"summary_large_image","schema":{"@context":"https:\/\/schema.org","@graph":[{"@type":"WebPage","@id":"https:\/\/www.coldkit.com\/es\/area-reservada\/","url":"https:\/\/www.coldkit.com\/es\/area-reservada\/","name":"\u00c1rea Reservada - Coldkit","isPartOf":{"@id":"https:\/\/www.coldkit.com\/#website"},"primaryImageOfPage":{"@id":"https:\/\/www.coldkit.com\/es\/area-reservada\/#primaryimage"},"image":{"@id":"https:\/\/www.coldkit.com\/es\/area-reservada\/#primaryimage"},"thumbnailUrl":"https:\/\/www.coldkit.com\/2022\/wp-content\/uploads\/2022\/09\/Color-Bar.png","datePublished":"2022-02-16T14:37:07+00:00","dateModified":"2023-03-08T14:32:56+00:00","breadcrumb":{"@id":"https:\/\/www.coldkit.com\/es\/area-reservada\/#breadcrumb"},"inLanguage":"es","potentialAction":[{"@type":"ReadAction","target":["https:\/\/www.coldkit.com\/es\/area-reservada\/"]}]},{"@type":"ImageObject","inLanguage":"es","@id":"https:\/\/www.coldkit.com\/es\/area-reservada\/#primaryimage","url":"https:\/\/www.coldkit.com\/2022\/wp-content\/uploads\/2022\/09\/Color-Bar.png","contentUrl":"https:\/\/www.coldkit.com\/2022\/wp-content\/uploads\/2022\/09\/Color-Bar.png"},{"@type":"BreadcrumbList","@id":"https:\/\/www.coldkit.com\/es\/area-reservada\/#breadcrumb","itemListElement":[{"@type":"ListItem","position":1,"name":"In\u00edcio","item":"https:\/\/www.coldkit.com\/"},{"@type":"ListItem","position":2,"name":"\u00c1rea Reservada"}]},{"@type":"WebSite","@id":"https:\/\/www.coldkit.com\/#website","url":"https:\/\/www.coldkit.com\/","name":"Coldkit","description":"A Coldkit \u00e9 a marca da Purever Industries para o sector de isolamento e refrigera\u00e7\u00e3o.","publisher":{"@id":"https:\/\/www.coldkit.com\/#organization"},"potentialAction":[{"@type":"SearchAction","target":{"@type":"EntryPoint","urlTemplate":"https:\/\/www.coldkit.com\/?s={search_term_string}"},"query-input":{"@type":"PropertyValueSpecification","valueRequired":true,"valueName":"search_term_string"}}],"inLanguage":"es"},{"@type":"Organization","@id":"https:\/\/www.coldkit.com\/#organization","name":"Coldkit","url":"https:\/\/www.coldkit.com\/","logo":{"@type":"ImageObject","inLanguage":"es","@id":"https:\/\/www.coldkit.com\/#\/schema\/logo\/image\/","url":"https:\/\/www.coldkit.com\/wp-content\/uploads\/2022\/02\/coldkit-logo-01.png","contentUrl":"https:\/\/www.coldkit.com\/wp-content\/uploads\/2022\/02\/coldkit-logo-01.png","width":1000,"height":268,"caption":"Coldkit"},"image":{"@id":"https:\/\/www.coldkit.com\/#\/schema\/logo\/image\/"},"sameAs":["https:\/\/www.facebook.com\/coldkit.purever"]}]}},"_links":{"self":[{"href":"https:\/\/www.coldkit.com\/es\/wp-json\/wp\/v2\/pages\/844","targetHints":{"allow":["GET"]}}],"collection":[{"href":"https:\/\/www.coldkit.com\/es\/wp-json\/wp\/v2\/pages"}],"about":[{"href":"https:\/\/www.coldkit.com\/es\/wp-json\/wp\/v2\/types\/page"}],"author":[{"embeddable":true,"href":"https:\/\/www.coldkit.com\/es\/wp-json\/wp\/v2\/users\/1"}],"replies":[{"embeddable":true,"href":"https:\/\/www.coldkit.com\/es\/wp-json\/wp\/v2\/comments?post=844"}],"version-history":[{"count":4,"href":"https:\/\/www.coldkit.com\/es\/wp-json\/wp\/v2\/pages\/844\/revisions"}],"predecessor-version":[{"id":7253,"href":"https:\/\/www.coldkit.com\/es\/wp-json\/wp\/v2\/pages\/844\/revisions\/7253"}],"wp:attachment":[{"href":"https:\/\/www.coldkit.com\/es\/wp-json\/wp\/v2\/media?parent=844"}],"curies":[{"name":"wp","href":"https:\/\/api.w.org\/{rel}","templated":true}]}}