{"id":833,"date":"2022-02-16T14:36:35","date_gmt":"2022-02-16T14:36:35","guid":{"rendered":"https:\/\/www.coldkit.com\/registration\/"},"modified":"2023-03-08T10:51:42","modified_gmt":"2023-03-08T10:51:42","slug":"registration","status":"publish","type":"page","link":"https:\/\/www.coldkit.com\/en\/registration\/","title":{"rendered":"Registration"},"content":{"rendered":"\t\t<div data-elementor-type=\"wp-page\" data-elementor-id=\"833\" class=\"elementor elementor-833 elementor-47\" data-elementor-post-type=\"page\">\n\t\t\t\t\t\t<section class=\"elementor-section elementor-top-section elementor-element elementor-element-6d6784b elementor-section-boxed elementor-section-height-default elementor-section-height-default\" data-id=\"6d6784b\" data-element_type=\"section\" data-e-type=\"section\">\n\t\t\t\t\t\t<div class=\"elementor-container elementor-column-gap-default\">\n\t\t\t\t\t<div class=\"elementor-column elementor-col-100 elementor-top-column elementor-element elementor-element-fe846cc\" data-id=\"fe846cc\" data-element_type=\"column\" data-e-type=\"column\">\n\t\t\t<div class=\"elementor-widget-wrap elementor-element-populated\">\n\t\t\t\t\t\t<div class=\"elementor-element elementor-element-b836e61 elementor-widget elementor-widget-spacer\" data-id=\"b836e61\" data-element_type=\"widget\" data-e-type=\"widget\" data-widget_type=\"spacer.default\">\n\t\t\t\t<div class=\"elementor-widget-container\">\n\t\t\t\t\t\t\t<div class=\"elementor-spacer\">\n\t\t\t<div class=\"elementor-spacer-inner\"><\/div>\n\t\t<\/div>\n\t\t\t\t\t\t<\/div>\n\t\t\t\t<\/div>\n\t\t\t\t\t<\/div>\n\t\t<\/div>\n\t\t\t\t\t<\/div>\n\t\t<\/section>\n\t\t\t\t<section class=\"elementor-section elementor-top-section elementor-element elementor-element-0017c8e elementor-section-boxed elementor-section-height-default elementor-section-height-default\" data-id=\"0017c8e\" data-element_type=\"section\" data-e-type=\"section\">\n\t\t\t\t\t\t<div class=\"elementor-container elementor-column-gap-default\">\n\t\t\t\t\t<div class=\"elementor-column elementor-col-100 elementor-top-column elementor-element elementor-element-67f6e40\" data-id=\"67f6e40\" data-element_type=\"column\" data-e-type=\"column\">\n\t\t\t<div class=\"elementor-widget-wrap elementor-element-populated\">\n\t\t\t\t\t\t<div class=\"elementor-element elementor-element-4d4244d elementor-widget elementor-widget-heading\" data-id=\"4d4244d\" data-element_type=\"widget\" data-e-type=\"widget\" data-widget_type=\"heading.default\">\n\t\t\t\t<div class=\"elementor-widget-container\">\n\t\t\t\t\t<h2 class=\"elementor-heading-title elementor-size-default\"> Registration<\/h2>\t\t\t\t<\/div>\n\t\t\t\t<\/div>\n\t\t\t\t<div class=\"elementor-element elementor-element-c9bb1fc elementor-widget elementor-widget-pc-reg-form\" data-id=\"c9bb1fc\" data-element_type=\"widget\" data-e-type=\"widget\" data-widget_type=\"pc-reg-form.default\">\n\t\t\t\t<div class=\"elementor-widget-container\">\n\t\t\t\t\t<div class=\"pc_aligned_form pc_falign_center\"><form id=\"pc_rf_69f2643086813\" class=\"pvtcont_form pc_registration_form pc_fluid_form \"   data-form-pag=\"1\" data-form-id=\"LTMuODYyMDY4OTY1NTE3Mg==\"><fieldset class=\"pc_form_flist pc_f_pag_1  \">                    <section class=\"pc_form_field pc_text_ftype pc_f_username\" data-fname=\"username\">                        <label>Username <sup class=\"pc_req_field\">&#10033;<\/sup><\/label>                        <div class=\"pc_field_container\">                                                        <input type=\"text\" name=\"username\" value=\"\" maxlength=\"150\" required=\"required\"  autocomplete=\"off\"  \/>                        <\/div>                    <\/section>                    <section class=\"pc_form_field pc_text_ftype pc_f_email pc_email_subtype\" data-fname=\"email\">                        <label>E-Mail <sup class=\"pc_req_field\">&#10033;<\/sup><\/label>                        <div class=\"pc_field_container\">                                                        <input type=\"email\" name=\"email\" value=\"\" maxlength=\"255\" required=\"required\"  autocomplete=\"off\"  \/>                        <\/div>                    <\/section>                    <section class=\"pc_form_field pc_text_ftype pc_f_company\" data-fname=\"company\">                        <label>Company <sup class=\"pc_req_field\">&#10033;<\/sup><\/label>                        <div class=\"pc_field_container\">                                                        <input type=\"text\" name=\"company\" value=\"\" maxlength=\"255\" required=\"required\"  autocomplete=\"off\"  \/>                        <\/div>                    <\/section>                    <section class=\"pc_form_field pc_text_ftype pc_f_nif\" data-fname=\"nif\">                        <label>NIF <sup class=\"pc_req_field\">&#10033;<\/sup><\/label>                        <div class=\"pc_field_container\">                                                        <input type=\"text\" name=\"nif\" value=\"\" maxlength=\"9\" required=\"required\"  autocomplete=\"off\"  \/>                        <\/div>                    <\/section>                    <section class=\"pc_form_field pc_password_ftype pc_f_psw\" data-fname=\"psw\">                        <label>                            Password <sup class=\"pc_req_field\">&#10033;<\/sup>                                                    <\/label>                        <div class=\"pc_field_container\">                                                        <input type=\"password\" name=\"psw\"  value=\"\" minlength=\"4\" maxlength=\"50\" autocomplete=\"new-password\" required=\"required\" \/>                                                    <\/div>                    <\/section>                        <section class=\"pc_form_field pc_password_ftype pc_f_psw pc_psw_confirm \" data-fname=\"psw\">                            <label>Repeat password <sup class=\"pc_req_field\">&#10033;<\/sup><\/label>                            <div class=\"pc_field_container\">                                                                <input type=\"password\" name=\"check_psw\" value=\"\" minlength=\"4\" maxlength=\"50\" autocomplete=\"new-password\" required=\"required\" placeholder=\"Repeat password\" \/>                            <\/div>                        <\/section><div class=\"pc_hnpt_code\"><label for=\"pc_hnpt_1\">Antispam 1<\/label><input type=\"text\" name=\"pc_hnpt_1\" value=\"\" autocomplete=\"off\" \/><label for=\"pc_hnpt_2\">Antispam 2<\/label><input type=\"text\" name=\"pc_hnpt_2\" value=\"125\" autocomplete=\"off\" \/><label for=\"pc_hnpt_3\">Antispam 3<\/label><input type=\"text\" name=\"pc_hnpt_3\" value=\"f60f31288196f223a0a0fe1eed44feea\" autocomplete=\"off\" \/><\/div><\/fieldset>        <script type='text\/javascript'>        (function() {            'use strict';              document.addEventListener('DOMContentLoaded', function() {                if(typeof(pcud_vars) == 'undefined') {                    return false;                    }                    pcud_vars.form_cond['LTMuODYyMDY4OTY1NTE3Mg=='] = JSON.parse(`{\"username\":0,\"email\":0,\"company\":0,\"nif\":0,\"psw\":0}`);            });        })();            <\/script><div class=\"pc_form_response pc_reg_message\"><\/div><button class=\"pc_reg_btn  \" type=\"button\">                <span class=\"pc_inner_btn\">Submit<\/span>            <\/button><\/form>            <script type=\"text\/javascript\">            (function($) {                 \"use strict\";                  if(typeof(pc_fluid_form_columnizer) != \"undefined\") {                    pc_fluid_form_columnizer();                }            })(jQuery);            <\/script><\/div>\t\t\t\t<\/div>\n\t\t\t\t<\/div>\n\t\t\t\t\t<\/div>\n\t\t<\/div>\n\t\t\t\t\t<\/div>\n\t\t<\/section>\n\t\t\t\t<section class=\"elementor-section elementor-top-section elementor-element elementor-element-c54fe33 elementor-section-boxed elementor-section-height-default elementor-section-height-default\" data-id=\"c54fe33\" data-element_type=\"section\" data-e-type=\"section\">\n\t\t\t\t\t\t<div class=\"elementor-container elementor-column-gap-default\">\n\t\t\t\t\t<div class=\"elementor-column elementor-col-100 elementor-top-column elementor-element elementor-element-d9becf1\" data-id=\"d9becf1\" data-element_type=\"column\" data-e-type=\"column\">\n\t\t\t<div class=\"elementor-widget-wrap elementor-element-populated\">\n\t\t\t\t\t\t<div class=\"elementor-element elementor-element-ac32e8e elementor-widget elementor-widget-spacer\" data-id=\"ac32e8e\" data-element_type=\"widget\" data-e-type=\"widget\" data-widget_type=\"spacer.default\">\n\t\t\t\t<div class=\"elementor-widget-container\">\n\t\t\t\t\t\t\t<div class=\"elementor-spacer\">\n\t\t\t<div class=\"elementor-spacer-inner\"><\/div>\n\t\t<\/div>\n\t\t\t\t\t\t<\/div>\n\t\t\t\t<\/div>\n\t\t\t\t\t<\/div>\n\t\t<\/div>\n\t\t\t\t\t<\/div>\n\t\t<\/section>\n\t\t\t\t<\/div>\n\t\t","protected":false},"excerpt":{"rendered":"<p>Registration Username &#10033; E-Mail &#10033; Company &#10033; NIF &#10033; Password &#10033; Repeat password &#10033; Antispam 1Antispam 2Antispam 3 Submit<\/p>\n","protected":false},"author":1,"featured_media":0,"parent":0,"menu_order":0,"comment_status":"closed","ping_status":"closed","template":"elementor_header_footer","meta":{"_acf_changed":false,"footnotes":""},"class_list":["post-833","page","type-page","status-publish","hentry"],"acf":[],"yoast_head":"<!-- This site is optimized with the Yoast SEO plugin v27.4 - https:\/\/yoast.com\/product\/yoast-seo-wordpress\/ -->\n<title>Registration - Coldkit<\/title>\n<meta name=\"robots\" content=\"index, follow, max-snippet:-1, max-image-preview:large, max-video-preview:-1\" \/>\n<link rel=\"canonical\" href=\"https:\/\/www.coldkit.com\/en\/registration\/\" \/>\n<meta property=\"og:locale\" content=\"en_US\" \/>\n<meta property=\"og:type\" content=\"article\" \/>\n<meta property=\"og:title\" content=\"Registration - Coldkit\" \/>\n<meta property=\"og:description\" content=\"Registration Username &#10033; E-Mail &#10033; Company &#10033; NIF &#10033; Password &#10033; Repeat password &#10033; Antispam 1Antispam 2Antispam 3 Submit\" \/>\n<meta property=\"og:url\" content=\"https:\/\/www.coldkit.com\/en\/registration\/\" \/>\n<meta property=\"og:site_name\" content=\"Coldkit\" \/>\n<meta property=\"article:publisher\" content=\"https:\/\/www.facebook.com\/coldkit.purever\" \/>\n<meta property=\"article:modified_time\" content=\"2023-03-08T10:51:42+00:00\" \/>\n<meta name=\"twitter:card\" content=\"summary_large_image\" \/>\n<script type=\"application\/ld+json\" class=\"yoast-schema-graph\">{\"@context\":\"https:\\\/\\\/schema.org\",\"@graph\":[{\"@type\":\"WebPage\",\"@id\":\"https:\\\/\\\/www.coldkit.com\\\/en\\\/registration\\\/\",\"url\":\"https:\\\/\\\/www.coldkit.com\\\/en\\\/registration\\\/\",\"name\":\"Registration - Coldkit\",\"isPartOf\":{\"@id\":\"https:\\\/\\\/www.coldkit.com\\\/#website\"},\"datePublished\":\"2022-02-16T14:36:35+00:00\",\"dateModified\":\"2023-03-08T10:51:42+00:00\",\"breadcrumb\":{\"@id\":\"https:\\\/\\\/www.coldkit.com\\\/en\\\/registration\\\/#breadcrumb\"},\"inLanguage\":\"en-US\",\"potentialAction\":[{\"@type\":\"ReadAction\",\"target\":[\"https:\\\/\\\/www.coldkit.com\\\/en\\\/registration\\\/\"]}]},{\"@type\":\"BreadcrumbList\",\"@id\":\"https:\\\/\\\/www.coldkit.com\\\/en\\\/registration\\\/#breadcrumb\",\"itemListElement\":[{\"@type\":\"ListItem\",\"position\":1,\"name\":\"In\u00edcio\",\"item\":\"https:\\\/\\\/www.coldkit.com\\\/\"},{\"@type\":\"ListItem\",\"position\":2,\"name\":\"Registration\"}]},{\"@type\":\"WebSite\",\"@id\":\"https:\\\/\\\/www.coldkit.com\\\/#website\",\"url\":\"https:\\\/\\\/www.coldkit.com\\\/\",\"name\":\"Coldkit\",\"description\":\"A Coldkit \u00e9 a marca da Purever Industries para o sector de isolamento e refrigera\u00e7\u00e3o.\",\"publisher\":{\"@id\":\"https:\\\/\\\/www.coldkit.com\\\/#organization\"},\"potentialAction\":[{\"@type\":\"SearchAction\",\"target\":{\"@type\":\"EntryPoint\",\"urlTemplate\":\"https:\\\/\\\/www.coldkit.com\\\/?s={search_term_string}\"},\"query-input\":{\"@type\":\"PropertyValueSpecification\",\"valueRequired\":true,\"valueName\":\"search_term_string\"}}],\"inLanguage\":\"en-US\"},{\"@type\":\"Organization\",\"@id\":\"https:\\\/\\\/www.coldkit.com\\\/#organization\",\"name\":\"Coldkit\",\"url\":\"https:\\\/\\\/www.coldkit.com\\\/\",\"logo\":{\"@type\":\"ImageObject\",\"inLanguage\":\"en-US\",\"@id\":\"https:\\\/\\\/www.coldkit.com\\\/#\\\/schema\\\/logo\\\/image\\\/\",\"url\":\"https:\\\/\\\/www.coldkit.com\\\/wp-content\\\/uploads\\\/2022\\\/02\\\/coldkit-logo-01.png\",\"contentUrl\":\"https:\\\/\\\/www.coldkit.com\\\/wp-content\\\/uploads\\\/2022\\\/02\\\/coldkit-logo-01.png\",\"width\":1000,\"height\":268,\"caption\":\"Coldkit\"},\"image\":{\"@id\":\"https:\\\/\\\/www.coldkit.com\\\/#\\\/schema\\\/logo\\\/image\\\/\"},\"sameAs\":[\"https:\\\/\\\/www.facebook.com\\\/coldkit.purever\"]}]}<\/script>\n<!-- \/ Yoast SEO plugin. -->","yoast_head_json":{"title":"Registration - Coldkit","robots":{"index":"index","follow":"follow","max-snippet":"max-snippet:-1","max-image-preview":"max-image-preview:large","max-video-preview":"max-video-preview:-1"},"canonical":"https:\/\/www.coldkit.com\/en\/registration\/","og_locale":"en_US","og_type":"article","og_title":"Registration - Coldkit","og_description":"Registration Username &#10033; E-Mail &#10033; Company &#10033; NIF &#10033; Password &#10033; Repeat password &#10033; Antispam 1Antispam 2Antispam 3 Submit","og_url":"https:\/\/www.coldkit.com\/en\/registration\/","og_site_name":"Coldkit","article_publisher":"https:\/\/www.facebook.com\/coldkit.purever","article_modified_time":"2023-03-08T10:51:42+00:00","twitter_card":"summary_large_image","schema":{"@context":"https:\/\/schema.org","@graph":[{"@type":"WebPage","@id":"https:\/\/www.coldkit.com\/en\/registration\/","url":"https:\/\/www.coldkit.com\/en\/registration\/","name":"Registration - Coldkit","isPartOf":{"@id":"https:\/\/www.coldkit.com\/#website"},"datePublished":"2022-02-16T14:36:35+00:00","dateModified":"2023-03-08T10:51:42+00:00","breadcrumb":{"@id":"https:\/\/www.coldkit.com\/en\/registration\/#breadcrumb"},"inLanguage":"en-US","potentialAction":[{"@type":"ReadAction","target":["https:\/\/www.coldkit.com\/en\/registration\/"]}]},{"@type":"BreadcrumbList","@id":"https:\/\/www.coldkit.com\/en\/registration\/#breadcrumb","itemListElement":[{"@type":"ListItem","position":1,"name":"In\u00edcio","item":"https:\/\/www.coldkit.com\/"},{"@type":"ListItem","position":2,"name":"Registration"}]},{"@type":"WebSite","@id":"https:\/\/www.coldkit.com\/#website","url":"https:\/\/www.coldkit.com\/","name":"Coldkit","description":"A Coldkit \u00e9 a marca da Purever Industries para o sector de isolamento e refrigera\u00e7\u00e3o.","publisher":{"@id":"https:\/\/www.coldkit.com\/#organization"},"potentialAction":[{"@type":"SearchAction","target":{"@type":"EntryPoint","urlTemplate":"https:\/\/www.coldkit.com\/?s={search_term_string}"},"query-input":{"@type":"PropertyValueSpecification","valueRequired":true,"valueName":"search_term_string"}}],"inLanguage":"en-US"},{"@type":"Organization","@id":"https:\/\/www.coldkit.com\/#organization","name":"Coldkit","url":"https:\/\/www.coldkit.com\/","logo":{"@type":"ImageObject","inLanguage":"en-US","@id":"https:\/\/www.coldkit.com\/#\/schema\/logo\/image\/","url":"https:\/\/www.coldkit.com\/wp-content\/uploads\/2022\/02\/coldkit-logo-01.png","contentUrl":"https:\/\/www.coldkit.com\/wp-content\/uploads\/2022\/02\/coldkit-logo-01.png","width":1000,"height":268,"caption":"Coldkit"},"image":{"@id":"https:\/\/www.coldkit.com\/#\/schema\/logo\/image\/"},"sameAs":["https:\/\/www.facebook.com\/coldkit.purever"]}]}},"_links":{"self":[{"href":"https:\/\/www.coldkit.com\/en\/wp-json\/wp\/v2\/pages\/833","targetHints":{"allow":["GET"]}}],"collection":[{"href":"https:\/\/www.coldkit.com\/en\/wp-json\/wp\/v2\/pages"}],"about":[{"href":"https:\/\/www.coldkit.com\/en\/wp-json\/wp\/v2\/types\/page"}],"author":[{"embeddable":true,"href":"https:\/\/www.coldkit.com\/en\/wp-json\/wp\/v2\/users\/1"}],"replies":[{"embeddable":true,"href":"https:\/\/www.coldkit.com\/en\/wp-json\/wp\/v2\/comments?post=833"}],"version-history":[{"count":3,"href":"https:\/\/www.coldkit.com\/en\/wp-json\/wp\/v2\/pages\/833\/revisions"}],"predecessor-version":[{"id":7238,"href":"https:\/\/www.coldkit.com\/en\/wp-json\/wp\/v2\/pages\/833\/revisions\/7238"}],"wp:attachment":[{"href":"https:\/\/www.coldkit.com\/en\/wp-json\/wp\/v2\/media?parent=833"}],"curies":[{"name":"wp","href":"https:\/\/api.w.org\/{rel}","templated":true}]}}